{"id":9,"date":"2018-07-20T09:00:09","date_gmt":"2018-07-20T09:00:09","guid":{"rendered":"https:\/\/loewen-wiehl.de\/?page_id=9"},"modified":"2018-10-05T13:24:28","modified_gmt":"2018-10-05T11:24:28","slug":"home","status":"publish","type":"page","link":"https:\/\/loewen-wiehl.de\/","title":{"rendered":"Home"},"content":{"rendered":"<pre><\/pre>\n<h2><span style=\"color: #ff6600;\">Herzlich Willkommen auf der Homepage der &#8222;Wiehler L\u00f6wen&#8220;.<\/span><img loading=\"lazy\" class=\"wp-image-55 size-medium alignleft\" src=\"https:\/\/loewen-wiehl.de\/wp-content\/uploads\/2018\/10\/Trickot-L\u00f6wen-Wiehl-300x180.jpg\" alt=\"\" width=\"300\" height=\"180\" srcset=\"https:\/\/loewen-wiehl.de\/wp-content\/uploads\/2018\/10\/Trickot-L\u00f6wen-Wiehl-300x180.jpg 300w, https:\/\/loewen-wiehl.de\/wp-content\/uploads\/2018\/10\/Trickot-L\u00f6wen-Wiehl-768x462.jpg 768w, https:\/\/loewen-wiehl.de\/wp-content\/uploads\/2018\/10\/Trickot-L\u00f6wen-Wiehl-500x300.jpg 500w, https:\/\/loewen-wiehl.de\/wp-content\/uploads\/2018\/10\/Trickot-L\u00f6wen-Wiehl.jpg 800w\" sizes=\"(max-width: 300px) 100vw, 300px\" \/><\/h2>\n<p>Wir, die &#8222;Wiehler L\u00f6wen&#8220; sind eine reine Hobbymannschaft und trainieren regelm\u00e4\u00dfig 1-2 mal pro Woche abends in der Wiehler Eishalle.<\/p>\n<p>Du m\u00f6chtest Eishockey gerne mal ausprobieren?\u00a0 -Gastspieler sind herzlich willkommen.<\/p>\n<p>&nbsp;<\/p>\n","protected":false},"excerpt":{"rendered":"<p>Herzlich Willkommen auf der Homepage der &#8222;Wiehler L\u00f6wen&#8220;. Wir, die &#8222;Wiehler L\u00f6wen&#8220; sind eine reine Hobbymannschaft und trainieren regelm\u00e4\u00dfig 1-2 mal pro Woche abends in der Wiehler Eishalle. Du m\u00f6chtest Eishockey gerne mal ausprobieren?\u00a0 -Gastspieler sind herzlich willkommen. &nbsp;<\/p>\n","protected":false},"author":2,"featured_media":0,"parent":0,"menu_order":0,"comment_status":"closed","ping_status":"closed","template":"","meta":[],"_links":{"self":[{"href":"https:\/\/loewen-wiehl.de\/index.php?rest_route=\/wp\/v2\/pages\/9"}],"collection":[{"href":"https:\/\/loewen-wiehl.de\/index.php?rest_route=\/wp\/v2\/pages"}],"about":[{"href":"https:\/\/loewen-wiehl.de\/index.php?rest_route=\/wp\/v2\/types\/page"}],"author":[{"embeddable":true,"href":"https:\/\/loewen-wiehl.de\/index.php?rest_route=\/wp\/v2\/users\/2"}],"replies":[{"embeddable":true,"href":"https:\/\/loewen-wiehl.de\/index.php?rest_route=%2Fwp%2Fv2%2Fcomments&post=9"}],"version-history":[{"count":6,"href":"https:\/\/loewen-wiehl.de\/index.php?rest_route=\/wp\/v2\/pages\/9\/revisions"}],"predecessor-version":[{"id":69,"href":"https:\/\/loewen-wiehl.de\/index.php?rest_route=\/wp\/v2\/pages\/9\/revisions\/69"}],"wp:attachment":[{"href":"https:\/\/loewen-wiehl.de\/index.php?rest_route=%2Fwp%2Fv2%2Fmedia&parent=9"}],"curies":[{"name":"wp","href":"https:\/\/api.w.org\/{rel}","templated":true}]}}